{"id":226,"date":"2016-06-27T15:30:58","date_gmt":"2016-06-27T13:30:58","guid":{"rendered":"https:\/\/www.forumvelden.at\/?page_id=226"},"modified":"2016-08-31T15:01:56","modified_gmt":"2016-08-31T13:01:56","slug":"china-businessforum","status":"publish","type":"page","link":"https:\/\/www.forumvelden.at\/de\/china-businessforum\/","title":{"rendered":"China Businessforum"},"content":{"rendered":"<p>[et_pb_section admin_label=&#8220;section&#8220;][et_pb_row admin_label=&#8220;row&#8220;][et_pb_column type=&#8220;1_4&#8243;][et_pb_image admin_label=&#8220;Bild&#8220; src=&#8220;https:\/\/www.forumvelden.at\/wp-content\/uploads\/2016\/06\/china2.png&#8220; show_in_lightbox=&#8220;off&#8220; url_new_window=&#8220;off&#8220; use_overlay=&#8220;off&#8220; animation=&#8220;fade_in&#8220; sticky=&#8220;off&#8220; align=&#8220;center&#8220; force_fullwidth=&#8220;off&#8220; always_center_on_mobile=&#8220;on&#8220; use_border_color=&#8220;off&#8220; border_color=&#8220;#ffffff&#8220; border_style=&#8220;solid&#8220; disabled=&#8220;off&#8220; disabled_on=&#8220;off|on|on&#8220;] [\/et_pb_image][et_pb_number_counter admin_label=&#8220;Z\u00e4hler&#8220; title=&#8220;Juni 2016&#8243; number=&#8220;16&#8243; percent_sign=&#8220;off&#8220; counter_color=&#8220;#7EBEC5&#8243; background_layout=&#8220;light&#8220; use_border_color=&#8220;off&#8220; border_color=&#8220;#ffffff&#8220; border_style=&#8220;solid&#8220;] [\/et_pb_number_counter][et_pb_divider admin_label=&#8220;Teiler oben&#8220; color=&#8220;#004282&#8243; show_divider=&#8220;on&#8220; height=&#8220;3&#8243; divider_style=&#8220;solid&#8220; divider_position=&#8220;top&#8220; hide_on_mobile=&#8220;on&#8220;] [\/et_pb_divider][et_pb_text admin_label=&#8220;Text&#8220; background_layout=&#8220;light&#8220; text_orientation=&#8220;left&#8220; use_border_color=&#8220;off&#8220; border_color=&#8220;#ffffff&#8220; border_style=&#8220;solid&#8220; disabled=&#8220;off&#8220; disabled_on=&#8220;on||&#8220;]<\/p>\n<p style=\"text-align: center;\"><span style=\"font-size: 12pt;\"><a href=\"#forum\">FORUM<\/a><br \/>\n<a href=\"#anmelden\">ANMELDEN<\/a><br \/>\n<a href=\"#CCEprospeaker\">PROGRAMM &amp; SPEAKER<\/a><a href=\"#CCEprospeaker\"><br \/>\n<\/a><a href=\"#CCEservice\">SERVICE<\/a><br \/>\n<a href=\"#presse\">PRESSE<\/a><br \/>\n<a href=\"#partner\">PARTNER<\/a><br \/>\n<a href=\"#media\">R\u00dcCKBLICK &amp; MEDIA<\/a><\/span><\/p>\n<p>[\/et_pb_text][et_pb_divider admin_label=&#8220;Teiler unten&#8220; color=&#8220;#023e7c&#8220; show_divider=&#8220;on&#8220; height=&#8220;3&#8243; divider_style=&#8220;solid&#8220; divider_position=&#8220;top&#8220; hide_on_mobile=&#8220;on&#8220; \/][\/et_pb_column][et_pb_column type=&#8220;3_4&#8243;][et_pb_image admin_label=&#8220;Bild&#8220; src=&#8220;https:\/\/www.forumvelden.at\/wp-content\/uploads\/2016\/06\/china2.png&#8220; show_in_lightbox=&#8220;off&#8220; url_new_window=&#8220;off&#8220; use_overlay=&#8220;off&#8220; animation=&#8220;fade_in&#8220; sticky=&#8220;off&#8220; align=&#8220;left&#8220; force_fullwidth=&#8220;off&#8220; always_center_on_mobile=&#8220;on&#8220; use_border_color=&#8220;off&#8220; border_color=&#8220;#ffffff&#8220; border_style=&#8220;solid&#8220; disabled=&#8220;off&#8220; disabled_on=&#8220;on||&#8220;] [\/et_pb_image][et_pb_text admin_label=&#8220;Text&#8220; background_layout=&#8220;light&#8220; text_orientation=&#8220;left&#8220; use_border_color=&#8220;off&#8220; border_color=&#8220;#ffffff&#8220; border_style=&#8220;solid&#8220; module_id=&#8220;forum&#8220;]<\/p>\n<h1 class=\"entry-title\"><strong>China Businessforum<\/strong><\/h1>\n<h3 class=\"entry-title\">16.06.2016, 13 Uhr, Klagenfurt am W\u00f6rthersee,\u00a0Wirtschaftskammer<\/h3>\n<p>Chinese Megatrends 2016. F\u00fcr Einsteiger und Experten.<\/p>\n<p>Seit Jahrzenten ist die chinesische Wirtschaft der Motor der globalen Wirtschaft und China befindet sich aktuell inmitten eines grundlegenden Wandels. \u201eQualit\u00e4t statt Quantit\u00e4t\u201c wird dabei zum Credo Chinas. Was bedeutet dies f\u00fcr \u00f6sterreichische Unternehmen? Welche neuen Chancen und M\u00f6glichkeiten der Kooperation ergeben sich dadurch?<\/p>\n<p>Treffen Sie chinesische Unternehmer und werden Sie Kooperationspartner!<\/p>\n<p>Im Rahmen des China Businessforum werden unter dem Thema \u201eChinese Megatrends 2016\u201c Wirtschaftsexperten aus China und \u00d6sterreich praxisorientiert aktuelle wirtschaftliche Entwicklungen und Trends Chinas pr\u00e4sentieren. Aus China werden hochrangige Teilnehmer aus Politik und Wirtschaft auf der Suche nach Kooperations- und Investitionsm\u00f6glichkeiten erwartet. Ziel der Veranstaltung ist es, Kooperationen, Kontakte und Netzwerke zwischen China und \u00d6sterreich auf- und auszubauen.<\/p>\n<p>[\/et_pb_text][et_pb_text admin_label=&#8220;Text&#8220; background_layout=&#8220;light&#8220; text_orientation=&#8220;left&#8220; use_border_color=&#8220;off&#8220; border_color=&#8220;#ffffff&#8220; border_style=&#8220;solid&#8220; module_id=&#8220;CCEprospeaker&#8220;]<\/p>\n<hr \/>\n<h2>Anmelden<\/h2>\n<p>Die Veranstaltung ist ausgebucht. Eine Anmeldung ist nicht mehr m\u00f6glich.<\/p>\n<p>[\/et_pb_text][et_pb_text admin_label=&#8220;Text&#8220; background_layout=&#8220;light&#8220; text_orientation=&#8220;left&#8220; use_border_color=&#8220;off&#8220; border_color=&#8220;#ffffff&#8220; border_style=&#8220;solid&#8220; module_id=&#8220;CCEprospeaker&#8220;]<\/p>\n<hr \/>\n<h2>Programm &amp; Speaker<\/h2>\n<p>[\/et_pb_text][et_pb_tabs admin_label=&#8220;Registerkarte&#8220; use_border_color=&#8220;off&#8220; border_color=&#8220;#ffffff&#8220; border_style=&#8220;solid&#8220;] [et_pb_tab title=&#8220;Donnerstag, 16. Juni 2016&#8243; tab_font_select=&#8220;default&#8220; tab_font=&#8220;||||&#8220; tab_line_height=&#8220;2em&#8220; tab_line_height_tablet=&#8220;2em&#8220; tab_line_height_phone=&#8220;2em&#8220; body_font_select=&#8220;default&#8220; body_font=&#8220;||||&#8220; body_line_height=&#8220;2em&#8220; body_line_height_tablet=&#8220;2em&#8220; body_line_height_phone=&#8220;2em&#8220;]Das Programm k\u00f6nnen sie <a href=\"https:\/\/www.forumvelden.at\/wp-content\/uploads\/2016\/06\/ChinaBusinessForum_Programm_A5_JPEG2.jpg\" target=\"_blank\">hier<\/a>\u00a0herunterladen.[\/et_pb_tab] [\/et_pb_tabs][\/et_pb_column][\/et_pb_row][et_pb_row admin_label=&#8220;Zeile&#8220;][et_pb_column type=&#8220;1_4&#8243;][\/et_pb_column][et_pb_column type=&#8220;3_4&#8243;][et_pb_text admin_label=&#8220;Text&#8220; background_layout=&#8220;light&#8220; text_orientation=&#8220;left&#8220; use_border_color=&#8220;off&#8220; border_color=&#8220;#ffffff&#8220; border_style=&#8220;solid&#8220; module_id=&#8220;CCEservice&#8220;]<\/p>\n<h2><strong>Service<\/strong><\/h2>\n<p><strong>K\u00e4rnten<\/strong><\/p>\n<p>K\u00e4rnten ist das s\u00fcdlichste Bundesland \u00d6sterreichs und liegt am Schnittpunkt der slawischen, romanischen und germanischen Kultur, an der Grenze zu Italien und Slowenien. In n\u00e4chster N\u00e4he zu den herrlichen Gipfeln der Alpen, umringt von ber\u00fchmten Seen, traumhafter Naturlandschaft, kulinarischer Hochgen\u00fcsse, kultureller Sehensw\u00fcrdigkeiten und Wellness-Oasen.<\/p>\n<p><strong>Weiterf\u00fchrende Links:<\/strong><\/p>\n<p>K\u00e4rnten Tourismus: <a href=\"http:\/\/www.kaernten.at\" target=\"_blank\">www.kaernten.at<\/a><br \/>\nK\u00e4rnten: <a href=\"http:\/\/www.kaernten.gv.at\" target=\"_blank\">www.kaernten.gv.at<\/a><br \/>\n\u00d6sterreich Tourismus: <a href=\"http:\/\/www.austria-tourism.at\" target=\"_blank\">www.austria-tourism.at<\/a><br \/>\n\u00d6sterreich Information: <a href=\"http:\/\/www.austria.info\" target=\"_blank\">www.austria.info<\/a><\/p>\n<p>[\/et_pb_text][et_pb_text admin_label=&#8220;Text&#8220; background_layout=&#8220;light&#8220; text_orientation=&#8220;left&#8220; use_border_color=&#8220;off&#8220; border_color=&#8220;#ffffff&#8220; border_style=&#8220;solid&#8220; module_id=&#8220;presse&#8220;]<\/p>\n<hr \/>\n<h2>Presse<\/h2>\n<p>Hier stehen honorarfreie Presseinformationen (Bilder und Texte) zum Download bereit.<\/p>\n<p><strong>Pressekontakt<\/strong><\/p>\n<p>Mag. Walter Prutej<br \/>\nT: +43 664 25 28 230<br \/>\nE: <a href=\"mailto:office@www.forumvelden.at\">office@www.forumvelden.at<\/a><\/p>\n<p><strong>Presseakkreditierung<\/strong><\/p>\n<p>Wir freuen uns auf Ihre Teilnahme als Pressevertreterin bzw. Pressevertreter. Wir bitten Sie, sich sp\u00e4testens bis Freitag, den 23. September 2016 per E-Mail an <a href=\"mailto:office@www.forumvelden.at\">office@www.forumvelden.at<\/a> zu akkreditieren. Fragen zur Akkreditierung richten sie bitte an <a href=\"mailto:office@www.forumvelden.at\">office@www.forumvelden.at<\/a><\/p>\n<p><strong>Downloads<\/strong><\/p>\n<ul>\n<li><a href=\"https:\/\/www.forumvelden.at\/wp-content\/uploads\/2016\/06\/krone_20160623.jpg\" target=\"_blank\">Baustart f\u00fcr St\u00e4dte der Zukunft<\/a>, 23. Juni 2016<\/li>\n<li><a href=\"https:\/\/www.forumvelden.at\/wp-content\/uploads\/2016\/06\/kw_20160623.jpg\" target=\"_blank\">Exportchance China<\/a>, 23. Juni 2016<\/li>\n<li><a href=\"https:\/\/www.forumvelden.at\/wp-content\/uploads\/2016\/06\/k-woche-20160622.jpg\" target=\"_blank\">Delegation aus dem Reich der Mitte<\/a>, 22. Juni 2016<\/li>\n<li><a href=\"https:\/\/www.forumvelden.at\/wp-content\/uploads\/2016\/06\/k-woche-20160622-2.jpg\" target=\"_blank\">China-Delegation erkundet K\u00e4rnten<\/a>, 22. Juni 2016<\/li>\n<li><a href=\"https:\/\/www.forumvelden.at\/wp-content\/uploads\/2016\/06\/krone_20160620.jpg\" target=\"_blank\">Delegation aus China zu Gast<\/a>, 20. Juni 2016<\/li>\n<li><a href=\"https:\/\/www.forumvelden.at\/wp-content\/uploads\/2016\/06\/chine_schule_20160618.jpg\" target=\"_blank\">Chinesische Schule er\u00f6ffnet<\/a>, 18. Juni 2016<\/li>\n<li><a href=\"https:\/\/www.forumvelden.at\/wp-content\/uploads\/2016\/06\/CBF16_OTS_20160617_OTS0179.pdf\" target=\"_blank\">Chinesische Delegation in K\u00e4rnten: Ausbau der Wirtschaftsbeziehungen<\/a>, 17. Juni 2016<\/li>\n<li><a href=\"https:\/\/www.forumvelden.at\/wp-content\/uploads\/2016\/06\/CBF16_OTS_20160617_OTS0057.pdf\" target=\"_blank\">Chinesische Wirtschaftsdelegation erkundet K\u00e4rnten<\/a>, 17. Juni 2016<\/li>\n<li><a href=\"https:\/\/www.forumvelden.at\/wp-content\/uploads\/2016\/06\/klz_20160617_2.jpg\" target=\"_blank\">K\u00e4rntner Firmen setzen auf Kooperation mit China<\/a>, 17. Juni 2016<\/li>\n<li><a href=\"https:\/\/www.forumvelden.at\/wp-content\/uploads\/2016\/06\/CBF16_LPD_20160616.pdf\" target=\"_blank\">K\u00e4rnten pr\u00e4sentiert sich China<\/a>, 16. Juni 2016<\/li>\n<li><a href=\"https:\/\/www.forumvelden.at\/wp-content\/uploads\/2016\/06\/klz_20160615.jpg\" target=\"_blank\">Chinesen suchen nach Investments<\/a>, 15. Juni 2016<\/li>\n<li><a href=\"https:\/\/www.forumvelden.at\/wp-content\/uploads\/2016\/06\/krone_20160611.jpg\" target=\"_blank\">China auf Einkaufstour: Neue Chance f\u00fcr &#8222;Trockenhafen&#8220;<\/a>, 11. Juni 2016<\/li>\n<li><a href=\"https:\/\/www.forumvelden.at\/wp-content\/uploads\/2016\/06\/KlZ_20160601.jpg\" target=\"_blank\">Chinesen wollen in K\u00e4rnten investieren<\/a>, 01. Juni 2016<\/li>\n<\/ul>\n<p>[\/et_pb_text][et_pb_text admin_label=&#8220;Text&#8220; background_layout=&#8220;light&#8220; text_orientation=&#8220;left&#8220; use_border_color=&#8220;off&#8220; border_color=&#8220;#ffffff&#8220; border_style=&#8220;solid&#8220; module_id=&#8220;partner&#8220;]<\/p>\n<hr \/>\n<h2>Partner<\/h2>\n<p>&nbsp;<\/p>\n<p><img loading=\"lazy\" decoding=\"async\" class=\"size-full wp-image-615 aligncenter\" src=\"https:\/\/www.forumvelden.at\/wp-content\/uploads\/2016\/06\/logos-china2.jpg\" alt=\"logos china2\" width=\"3508\" height=\"1630\" \/><\/p>\n<h2><\/h2>\n<p>&nbsp;<\/p>\n<p>[\/et_pb_text][et_pb_text admin_label=&#8220;Text&#8220; background_layout=&#8220;light&#8220; text_orientation=&#8220;left&#8220; use_border_color=&#8220;off&#8220; border_color=&#8220;#ffffff&#8220; border_style=&#8220;solid&#8220; module_id=&#8220;media&#8220;]<\/p>\n<hr \/>\n<h2>R\u00fcckblick &amp; Media<\/h2>\n<p>[\/et_pb_text][\/et_pb_column][\/et_pb_row][et_pb_row admin_label=&#8220;Zeile&#8220; global_module=&#8220;315&#8243; make_fullwidth=&#8220;off&#8220; use_custom_width=&#8220;off&#8220; width_unit=&#8220;on&#8220; use_custom_gutter=&#8220;off&#8220; padding_mobile=&#8220;off&#8220; allow_player_pause=&#8220;off&#8220; parallax=&#8220;off&#8220; parallax_method=&#8220;off&#8220; make_equal=&#8220;off&#8220; parallax_1=&#8220;off&#8220; parallax_method_1=&#8220;off&#8220; parallax_2=&#8220;off&#8220; parallax_method_2=&#8220;off&#8220; parallax_3=&#8220;off&#8220; parallax_method_3=&#8220;off&#8220; column_padding_mobile=&#8220;on&#8220; custom_margin=&#8220;0px|||&#8220; custom_margin_last_edited=&#8220;on|desktop&#8220; padding_top_1=&#8220;0px&#8220; padding_top_2=&#8220;0px&#8220; padding_top_3=&#8220;0px&#8220;][et_pb_column type=&#8220;1_3&#8243;][et_pb_image global_parent=&#8220;315&#8243; admin_label=&#8220;Bild Photos&#8220; src=&#8220;https:\/\/www.forumvelden.at\/wp-content\/uploads\/2016\/05\/photos.png&#8220; show_in_lightbox=&#8220;off&#8220; url=&#8220;https:\/\/www.flickr.com\/photos\/forumvelden\/&#8220; url_new_window=&#8220;on&#8220; use_overlay=&#8220;on&#8220; hover_icon=&#8220;%%28%%&#8220; animation=&#8220;fade_in&#8220; sticky=&#8220;off&#8220; align=&#8220;left&#8220; force_fullwidth=&#8220;off&#8220; always_center_on_mobile=&#8220;on&#8220; use_border_color=&#8220;off&#8220; border_color=&#8220;#ffffff&#8220; border_style=&#8220;solid&#8220;] [\/et_pb_image][\/et_pb_column][et_pb_column type=&#8220;1_3&#8243;][et_pb_image global_parent=&#8220;315&#8243; admin_label=&#8220;Bild Videos&#8220; src=&#8220;https:\/\/www.forumvelden.at\/wp-content\/uploads\/2016\/05\/videos.png&#8220; show_in_lightbox=&#8220;off&#8220; url=&#8220;https:\/\/www.youtube.com\/user\/forumvelden&#8220; url_new_window=&#8220;on&#8220; use_overlay=&#8220;on&#8220; hover_icon=&#8220;%%28%%&#8220; animation=&#8220;fade_in&#8220; sticky=&#8220;off&#8220; align=&#8220;left&#8220; force_fullwidth=&#8220;off&#8220; always_center_on_mobile=&#8220;on&#8220; use_border_color=&#8220;off&#8220; border_color=&#8220;#ffffff&#8220; border_style=&#8220;solid&#8220;] [\/et_pb_image][\/et_pb_column][et_pb_column type=&#8220;1_3&#8243;][et_pb_image global_parent=&#8220;315&#8243; admin_label=&#8220;Bild Slideshare&#8220; src=&#8220;https:\/\/www.forumvelden.at\/wp-content\/uploads\/2016\/05\/slideshare.png&#8220; show_in_lightbox=&#8220;off&#8220; url=&#8220;http:\/\/de.slideshare.net\/forumvelden&#8220; url_new_window=&#8220;on&#8220; use_overlay=&#8220;on&#8220; hover_icon=&#8220;%%28%%&#8220; animation=&#8220;fade_in&#8220; sticky=&#8220;off&#8220; align=&#8220;left&#8220; force_fullwidth=&#8220;off&#8220; always_center_on_mobile=&#8220;on&#8220; use_border_color=&#8220;off&#8220; border_color=&#8220;#ffffff&#8220; border_style=&#8220;solid&#8220;] [\/et_pb_image][\/et_pb_column][\/et_pb_row][\/et_pb_section]<\/p>\n","protected":false},"excerpt":{"rendered":"<p>FORUM ANMELDEN PROGRAMM &amp; SPEAKER SERVICE PRESSE PARTNER R\u00dcCKBLICK &amp; MEDIA China Businessforum 16.06.2016, 13 Uhr, Klagenfurt am W\u00f6rthersee,\u00a0Wirtschaftskammer Chinese Megatrends 2016. F\u00fcr Einsteiger und Experten. Seit Jahrzenten ist die chinesische Wirtschaft der Motor der globalen Wirtschaft und China befindet sich aktuell inmitten eines grundlegenden Wandels. \u201eQualit\u00e4t statt Quantit\u00e4t\u201c wird dabei zum Credo Chinas. Was [&hellip;]<\/p>\n","protected":false},"author":2,"featured_media":0,"parent":0,"menu_order":0,"comment_status":"closed","ping_status":"closed","template":"","meta":{"_et_pb_use_builder":"on","_et_pb_old_content":"","_et_gb_content_width":"","ngg_post_thumbnail":0,"footnotes":""},"_links":{"self":[{"href":"https:\/\/www.forumvelden.at\/de\/wp-json\/wp\/v2\/pages\/226"}],"collection":[{"href":"https:\/\/www.forumvelden.at\/de\/wp-json\/wp\/v2\/pages"}],"about":[{"href":"https:\/\/www.forumvelden.at\/de\/wp-json\/wp\/v2\/types\/page"}],"author":[{"embeddable":true,"href":"https:\/\/www.forumvelden.at\/de\/wp-json\/wp\/v2\/users\/2"}],"replies":[{"embeddable":true,"href":"https:\/\/www.forumvelden.at\/de\/wp-json\/wp\/v2\/comments?post=226"}],"version-history":[{"count":34,"href":"https:\/\/www.forumvelden.at\/de\/wp-json\/wp\/v2\/pages\/226\/revisions"}],"predecessor-version":[{"id":1479,"href":"https:\/\/www.forumvelden.at\/de\/wp-json\/wp\/v2\/pages\/226\/revisions\/1479"}],"wp:attachment":[{"href":"https:\/\/www.forumvelden.at\/de\/wp-json\/wp\/v2\/media?parent=226"}],"curies":[{"name":"wp","href":"https:\/\/api.w.org\/{rel}","templated":true}]}}